{"id":2266,"date":"2023-04-04T01:58:53","date_gmt":"2023-04-04T04:58:53","guid":{"rendered":"https:\/\/guarumaquinas.com.br\/?post_type=product&#038;p=2266"},"modified":"2024-11-13T13:54:22","modified_gmt":"2024-11-13T16:54:22","slug":"motor-1cv","status":"publish","type":"product","link":"https:\/\/guarumaquinas.com.br\/index.php\/produto\/motor-1cv\/","title":{"rendered":"Motor 1cv"},"content":{"rendered":"<p>MOTOR TRIF\u00c1SICO<\/p>\n<p>Fabricante: Weg<\/p>\n<p>Pot\u00eancia: 0.75 Kw (1.0 CV)<\/p>\n<p>RPM: 1720<\/p>\n<p>Tens\u00e3o: 220\/380V<\/p>\n<p>IP55<\/p>\n<p>Di\u00e2metro do eixo: 19mm<\/p>\n","protected":false},"excerpt":{"rendered":"<p>MOTOR TRIF\u00c1SICO Fabricante: Weg Pot\u00eancia: 0.75 Kw (1.0 CV) RPM: 1720 Tens\u00e3o: 220\/380V IP55 Di\u00e2metro do eixo: 19mm<\/p>\n","protected":false},"featured_media":2267,"comment_status":"open","ping_status":"closed","template":"","meta":{"site-sidebar-layout":"default","site-content-layout":"default","ast-global-header-display":"","ast-main-header-display":"","ast-hfb-above-header-display":"","ast-hfb-below-header-display":"","ast-hfb-mobile-header-display":"","site-post-title":"","ast-breadcrumbs-content":"","ast-featured-img":"","footer-sml-layout":"","theme-transparent-header-meta":"default","adv-header-id-meta":"","stick-header-meta":"","header-above-stick-meta":"","header-main-stick-meta":"","header-below-stick-meta":""},"product_cat":[23],"product_tag":[],"class_list":["post-2266","product","type-product","status-publish","has-post-thumbnail","hentry","product_cat-motores","desktop-align-left","tablet-align-left","mobile-align-left"],"_links":{"self":[{"href":"https:\/\/guarumaquinas.com.br\/index.php\/wp-json\/wp\/v2\/product\/2266","targetHints":{"allow":["GET"]}}],"collection":[{"href":"https:\/\/guarumaquinas.com.br\/index.php\/wp-json\/wp\/v2\/product"}],"about":[{"href":"https:\/\/guarumaquinas.com.br\/index.php\/wp-json\/wp\/v2\/types\/product"}],"replies":[{"embeddable":true,"href":"https:\/\/guarumaquinas.com.br\/index.php\/wp-json\/wp\/v2\/comments?post=2266"}],"wp:featuredmedia":[{"embeddable":true,"href":"https:\/\/guarumaquinas.com.br\/index.php\/wp-json\/wp\/v2\/media\/2267"}],"wp:attachment":[{"href":"https:\/\/guarumaquinas.com.br\/index.php\/wp-json\/wp\/v2\/media?parent=2266"}],"wp:term":[{"taxonomy":"product_cat","embeddable":true,"href":"https:\/\/guarumaquinas.com.br\/index.php\/wp-json\/wp\/v2\/product_cat?post=2266"},{"taxonomy":"product_tag","embeddable":true,"href":"https:\/\/guarumaquinas.com.br\/index.php\/wp-json\/wp\/v2\/product_tag?post=2266"}],"curies":[{"name":"wp","href":"https:\/\/api.w.org\/{rel}","templated":true}]}}