{"id":2637,"date":"2023-05-04T10:25:08","date_gmt":"2023-05-04T13:25:08","guid":{"rendered":"https:\/\/guarumaquinas.com.br\/?post_type=product&#038;p=2637"},"modified":"2024-11-13T14:23:59","modified_gmt":"2024-11-13T17:23:59","slug":"quebrador-de-borracha","status":"publish","type":"product","link":"https:\/\/guarumaquinas.com.br\/index.php\/produto\/quebrador-de-borracha\/","title":{"rendered":"Triturador de Borracha"},"content":{"rendered":"<p>QUEBRADOR &#8211; TRITURADOR DE BORRACHA<\/p>\n<p>Redutor dupla sa\u00edda com caixa de rolamento 1:2,25<\/p>\n<p>Dimens\u00f5es dos rolos trituradores: 200 mm de largura x 280 mm de comprimento<\/p>\n<p>Dimens\u00e3o da caixa de moagem: 740 mm<\/p>\n<p>Sem motor el\u00e9trico<\/p>\n","protected":false},"excerpt":{"rendered":"<p>QUEBRADOR &#8211; TRITURADOR DE BORRACHA Redutor dupla sa\u00edda com caixa de rolamento 1:2,25 Dimens\u00f5es dos rolos trituradores: 200 mm de largura x 280 mm de comprimento Dimens\u00e3o da caixa de moagem: 740 mm Sem motor el\u00e9trico<\/p>\n","protected":false},"featured_media":2599,"comment_status":"open","ping_status":"closed","template":"","meta":{"site-sidebar-layout":"default","site-content-layout":"default","ast-global-header-display":"","ast-main-header-display":"","ast-hfb-above-header-display":"","ast-hfb-below-header-display":"","ast-hfb-mobile-header-display":"","site-post-title":"","ast-breadcrumbs-content":"","ast-featured-img":"","footer-sml-layout":"","theme-transparent-header-meta":"default","adv-header-id-meta":"","stick-header-meta":"","header-above-stick-meta":"","header-main-stick-meta":"","header-below-stick-meta":""},"product_cat":[28],"product_tag":[],"class_list":["post-2637","product","type-product","status-publish","has-post-thumbnail","hentry","product_cat-moinhos","desktop-align-left","tablet-align-left","mobile-align-left"],"_links":{"self":[{"href":"https:\/\/guarumaquinas.com.br\/index.php\/wp-json\/wp\/v2\/product\/2637","targetHints":{"allow":["GET"]}}],"collection":[{"href":"https:\/\/guarumaquinas.com.br\/index.php\/wp-json\/wp\/v2\/product"}],"about":[{"href":"https:\/\/guarumaquinas.com.br\/index.php\/wp-json\/wp\/v2\/types\/product"}],"replies":[{"embeddable":true,"href":"https:\/\/guarumaquinas.com.br\/index.php\/wp-json\/wp\/v2\/comments?post=2637"}],"wp:featuredmedia":[{"embeddable":true,"href":"https:\/\/guarumaquinas.com.br\/index.php\/wp-json\/wp\/v2\/media\/2599"}],"wp:attachment":[{"href":"https:\/\/guarumaquinas.com.br\/index.php\/wp-json\/wp\/v2\/media?parent=2637"}],"wp:term":[{"taxonomy":"product_cat","embeddable":true,"href":"https:\/\/guarumaquinas.com.br\/index.php\/wp-json\/wp\/v2\/product_cat?post=2637"},{"taxonomy":"product_tag","embeddable":true,"href":"https:\/\/guarumaquinas.com.br\/index.php\/wp-json\/wp\/v2\/product_tag?post=2637"}],"curies":[{"name":"wp","href":"https:\/\/api.w.org\/{rel}","templated":true}]}}