{"id":2641,"date":"2023-05-04T10:31:22","date_gmt":"2023-05-04T13:31:22","guid":{"rendered":"https:\/\/guarumaquinas.com.br\/?post_type=product&#038;p=2641"},"modified":"2024-11-13T14:14:40","modified_gmt":"2024-11-13T17:14:40","slug":"motor-75-100-cv","status":"publish","type":"product","link":"https:\/\/guarumaquinas.com.br\/index.php\/produto\/motor-75-100-cv\/","title":{"rendered":"Motor Weg 100 cv"},"content":{"rendered":"<p>MOTOR TRIF\u00c1SICO DAHLANDER NOVO<\/p>\n<p>Marca : Weg<\/p>\n<p>Modelo : dahlander duas pot\u00eancias em uma \u00fanica carca\u00e7a<\/p>\n<p>Motor com p\u00e9 e flange<\/p>\n<p>100 Cv 1780 rpm<\/p>\n<p>75 Cv 890 rpm<\/p>\n<p>Somente 220 V trif\u00e1sico<\/p>\n","protected":false},"excerpt":{"rendered":"<p>MOTOR TRIF\u00c1SICO DAHLANDER NOVO Marca : Weg Modelo : dahlander duas pot\u00eancias em uma \u00fanica carca\u00e7a Motor com p\u00e9 e flange 100 Cv 1780 rpm 75 Cv 890 rpm Somente 220 V trif\u00e1sico<\/p>\n","protected":false},"featured_media":2620,"comment_status":"open","ping_status":"closed","template":"","meta":{"site-sidebar-layout":"default","site-content-layout":"default","ast-global-header-display":"","ast-main-header-display":"","ast-hfb-above-header-display":"","ast-hfb-below-header-display":"","ast-hfb-mobile-header-display":"","site-post-title":"","ast-breadcrumbs-content":"","ast-featured-img":"","footer-sml-layout":"","theme-transparent-header-meta":"default","adv-header-id-meta":"","stick-header-meta":"","header-above-stick-meta":"","header-main-stick-meta":"","header-below-stick-meta":""},"product_cat":[23],"product_tag":[],"class_list":["post-2641","product","type-product","status-publish","has-post-thumbnail","hentry","product_cat-motores","desktop-align-left","tablet-align-left","mobile-align-left"],"_links":{"self":[{"href":"https:\/\/guarumaquinas.com.br\/index.php\/wp-json\/wp\/v2\/product\/2641","targetHints":{"allow":["GET"]}}],"collection":[{"href":"https:\/\/guarumaquinas.com.br\/index.php\/wp-json\/wp\/v2\/product"}],"about":[{"href":"https:\/\/guarumaquinas.com.br\/index.php\/wp-json\/wp\/v2\/types\/product"}],"replies":[{"embeddable":true,"href":"https:\/\/guarumaquinas.com.br\/index.php\/wp-json\/wp\/v2\/comments?post=2641"}],"wp:featuredmedia":[{"embeddable":true,"href":"https:\/\/guarumaquinas.com.br\/index.php\/wp-json\/wp\/v2\/media\/2620"}],"wp:attachment":[{"href":"https:\/\/guarumaquinas.com.br\/index.php\/wp-json\/wp\/v2\/media?parent=2641"}],"wp:term":[{"taxonomy":"product_cat","embeddable":true,"href":"https:\/\/guarumaquinas.com.br\/index.php\/wp-json\/wp\/v2\/product_cat?post=2641"},{"taxonomy":"product_tag","embeddable":true,"href":"https:\/\/guarumaquinas.com.br\/index.php\/wp-json\/wp\/v2\/product_tag?post=2641"}],"curies":[{"name":"wp","href":"https:\/\/api.w.org\/{rel}","templated":true}]}}