{"id":2751,"date":"2023-06-14T22:22:24","date_gmt":"2023-06-15T01:22:24","guid":{"rendered":"https:\/\/guarumaquinas.com.br\/?post_type=product&#038;p=2751"},"modified":"2025-12-15T22:25:43","modified_gmt":"2025-12-16T01:25:43","slug":"misturador-de-material","status":"publish","type":"product","link":"https:\/\/guarumaquinas.com.br\/index.php\/produto\/misturador-de-material\/","title":{"rendered":"Misturador de Material"},"content":{"rendered":"<p>MISTURADOR DE MATERIAIS PL\u00c1STICOS<\/p>\n<p>Capacidade: 165 Litros<\/p>\n<p>Com resist\u00eancias laterais para aquecimento do material<\/p>\n<p>Misturador esta sem motor<\/p>\n<p>Painel el\u00e9trico no estado<\/p>\n","protected":false},"excerpt":{"rendered":"<p>MISTURADOR DE MATERIAIS PL\u00c1STICOS Capacidade: 165 Litros Com resist\u00eancias laterais para aquecimento do material Misturador esta sem motor Painel el\u00e9trico no estado<\/p>\n","protected":false},"featured_media":2692,"comment_status":"open","ping_status":"closed","template":"","meta":{"site-sidebar-layout":"default","site-content-layout":"default","ast-global-header-display":"","ast-main-header-display":"","ast-hfb-above-header-display":"","ast-hfb-below-header-display":"","ast-hfb-mobile-header-display":"","site-post-title":"","ast-breadcrumbs-content":"","ast-featured-img":"","footer-sml-layout":"","theme-transparent-header-meta":"default","adv-header-id-meta":"","stick-header-meta":"","header-above-stick-meta":"","header-main-stick-meta":"","header-below-stick-meta":""},"product_cat":[46],"product_tag":[],"class_list":["post-2751","product","type-product","status-publish","has-post-thumbnail","hentry","product_cat-misturadores","desktop-align-left","tablet-align-left","mobile-align-left"],"_links":{"self":[{"href":"https:\/\/guarumaquinas.com.br\/index.php\/wp-json\/wp\/v2\/product\/2751","targetHints":{"allow":["GET"]}}],"collection":[{"href":"https:\/\/guarumaquinas.com.br\/index.php\/wp-json\/wp\/v2\/product"}],"about":[{"href":"https:\/\/guarumaquinas.com.br\/index.php\/wp-json\/wp\/v2\/types\/product"}],"replies":[{"embeddable":true,"href":"https:\/\/guarumaquinas.com.br\/index.php\/wp-json\/wp\/v2\/comments?post=2751"}],"wp:featuredmedia":[{"embeddable":true,"href":"https:\/\/guarumaquinas.com.br\/index.php\/wp-json\/wp\/v2\/media\/2692"}],"wp:attachment":[{"href":"https:\/\/guarumaquinas.com.br\/index.php\/wp-json\/wp\/v2\/media?parent=2751"}],"wp:term":[{"taxonomy":"product_cat","embeddable":true,"href":"https:\/\/guarumaquinas.com.br\/index.php\/wp-json\/wp\/v2\/product_cat?post=2751"},{"taxonomy":"product_tag","embeddable":true,"href":"https:\/\/guarumaquinas.com.br\/index.php\/wp-json\/wp\/v2\/product_tag?post=2751"}],"curies":[{"name":"wp","href":"https:\/\/api.w.org\/{rel}","templated":true}]}}