{"id":2785,"date":"2024-04-01T23:59:42","date_gmt":"2024-04-02T02:59:42","guid":{"rendered":"https:\/\/guarumaquinas.com.br\/?post_type=product&#038;p=2785"},"modified":"2024-11-13T13:38:09","modified_gmt":"2024-11-13T16:38:09","slug":"cortador-de-bobinas-plasticas","status":"publish","type":"product","link":"https:\/\/guarumaquinas.com.br\/index.php\/produto\/cortador-de-bobinas-plasticas\/","title":{"rendered":"Cortador de tubete de papel\u00e3o"},"content":{"rendered":"<p>CORTADOR DE TUBETE DE PAPEL\u00c3O<\/p>\n<p>Motoredutor para serra de corte<\/p>\n<p>Pist\u00f5es pneum\u00e1ticos<\/p>\n<p>Com painel el\u00e9trico<\/p>\n","protected":false},"excerpt":{"rendered":"<p>CORTADOR DE TUBETE DE PAPEL\u00c3O Motoredutor para serra de corte Pist\u00f5es pneum\u00e1ticos Com painel el\u00e9trico<\/p>\n","protected":false},"featured_media":2667,"comment_status":"open","ping_status":"closed","template":"","meta":{"site-sidebar-layout":"default","site-content-layout":"default","ast-global-header-display":"","ast-main-header-display":"","ast-hfb-above-header-display":"","ast-hfb-below-header-display":"","ast-hfb-mobile-header-display":"","site-post-title":"","ast-breadcrumbs-content":"","ast-featured-img":"","footer-sml-layout":"","theme-transparent-header-meta":"default","adv-header-id-meta":"","stick-header-meta":"","header-above-stick-meta":"","header-main-stick-meta":"","header-below-stick-meta":""},"product_cat":[50],"product_tag":[],"class_list":["post-2785","product","type-product","status-publish","has-post-thumbnail","hentry","product_cat-maquinas-diversas","desktop-align-left","tablet-align-left","mobile-align-left"],"_links":{"self":[{"href":"https:\/\/guarumaquinas.com.br\/index.php\/wp-json\/wp\/v2\/product\/2785","targetHints":{"allow":["GET"]}}],"collection":[{"href":"https:\/\/guarumaquinas.com.br\/index.php\/wp-json\/wp\/v2\/product"}],"about":[{"href":"https:\/\/guarumaquinas.com.br\/index.php\/wp-json\/wp\/v2\/types\/product"}],"replies":[{"embeddable":true,"href":"https:\/\/guarumaquinas.com.br\/index.php\/wp-json\/wp\/v2\/comments?post=2785"}],"wp:featuredmedia":[{"embeddable":true,"href":"https:\/\/guarumaquinas.com.br\/index.php\/wp-json\/wp\/v2\/media\/2667"}],"wp:attachment":[{"href":"https:\/\/guarumaquinas.com.br\/index.php\/wp-json\/wp\/v2\/media?parent=2785"}],"wp:term":[{"taxonomy":"product_cat","embeddable":true,"href":"https:\/\/guarumaquinas.com.br\/index.php\/wp-json\/wp\/v2\/product_cat?post=2785"},{"taxonomy":"product_tag","embeddable":true,"href":"https:\/\/guarumaquinas.com.br\/index.php\/wp-json\/wp\/v2\/product_tag?post=2785"}],"curies":[{"name":"wp","href":"https:\/\/api.w.org\/{rel}","templated":true}]}}