{"id":2839,"date":"2024-04-02T01:26:50","date_gmt":"2024-04-02T04:26:50","guid":{"rendered":"https:\/\/guarumaquinas.com.br\/?post_type=product&#038;p=2839"},"modified":"2024-11-13T13:33:53","modified_gmt":"2024-11-13T16:33:53","slug":"linha-para-fabricacao-de-chapas-plasticas","status":"publish","type":"product","link":"https:\/\/guarumaquinas.com.br\/index.php\/produto\/linha-para-fabricacao-de-chapas-plasticas\/","title":{"rendered":"Linha para fabrica\u00e7\u00e3o de chapas pl\u00e1sticas"},"content":{"rendered":"<p>LINHA COMPLETA PARA FABRICAR CHAPAS PL\u00c1STICAS EM PP<\/p>\n<p>Produ\u00e7\u00e3o em m\u00e9dia : 700 a 800 kilos\/hora de Polipropileno Virgem<\/p>\n<p>Fabricante : Rulli Davis<\/p>\n<p>Motor : 250 cv corrente continua<\/p>\n<p>Rosca da extrusora 130 mm com 5000 mm de comprimento<\/p>\n<p>Bomba de engrenagem para misturar o material na sa\u00edda para o flatdie<\/p>\n<p>Troca tela hidr\u00e1ulico 130 mm de tela com bomba completo<\/p>\n<p>Flatdie 1690 mm largura<\/p>\n<p>Flatdie com regulagem de espessura ( Produzia 2,00 mm no polipropileno )<\/p>\n<p>Calandra com 5\u00a0 cilindros de 1630 mm largura x 500 mm di\u00e2metro<\/p>\n<p>Cilindros da calandra com resfriamento<\/p>\n<p>Ap\u00f3s a calandra tem a mesa com rolos at\u00e9 chegar no puxador<\/p>\n<p>Tem bombas que s\u00e3o usadas para circula\u00e7\u00e3o de agua nos rolos e aquecedores<\/p>\n<p>Tem puxador ao final da linha<\/p>\n","protected":false},"excerpt":{"rendered":"<p>LINHA COMPLETA PARA FABRICAR CHAPAS PL\u00c1STICAS EM PP Produ\u00e7\u00e3o em m\u00e9dia : 700 a 800 kilos\/hora de Polipropileno Virgem Fabricante : Rulli Davis Motor : 250 cv corrente continua Rosca da extrusora 130 mm com 5000 mm de comprimento Bomba de engrenagem para misturar o material na sa\u00edda para o flatdie Troca tela hidr\u00e1ulico 130 &hellip;<\/p>\n<p class=\"read-more\"> <a class=\"\" href=\"https:\/\/guarumaquinas.com.br\/index.php\/produto\/linha-para-fabricacao-de-chapas-plasticas\/\"> <span class=\"screen-reader-text\">Linha para fabrica\u00e7\u00e3o de chapas pl\u00e1sticas<\/span> Leia mais &raquo;<\/a><\/p>\n","protected":false},"featured_media":2844,"comment_status":"open","ping_status":"closed","template":"","meta":{"site-sidebar-layout":"default","site-content-layout":"default","ast-global-header-display":"","ast-main-header-display":"","ast-hfb-above-header-display":"","ast-hfb-below-header-display":"","ast-hfb-mobile-header-display":"","site-post-title":"","ast-breadcrumbs-content":"","ast-featured-img":"","footer-sml-layout":"","theme-transparent-header-meta":"default","adv-header-id-meta":"","stick-header-meta":"","header-above-stick-meta":"","header-main-stick-meta":"","header-below-stick-meta":""},"product_cat":[24],"product_tag":[],"class_list":["post-2839","product","type-product","status-publish","has-post-thumbnail","hentry","product_cat-extrusoras","desktop-align-left","tablet-align-left","mobile-align-left"],"_links":{"self":[{"href":"https:\/\/guarumaquinas.com.br\/index.php\/wp-json\/wp\/v2\/product\/2839","targetHints":{"allow":["GET"]}}],"collection":[{"href":"https:\/\/guarumaquinas.com.br\/index.php\/wp-json\/wp\/v2\/product"}],"about":[{"href":"https:\/\/guarumaquinas.com.br\/index.php\/wp-json\/wp\/v2\/types\/product"}],"replies":[{"embeddable":true,"href":"https:\/\/guarumaquinas.com.br\/index.php\/wp-json\/wp\/v2\/comments?post=2839"}],"wp:featuredmedia":[{"embeddable":true,"href":"https:\/\/guarumaquinas.com.br\/index.php\/wp-json\/wp\/v2\/media\/2844"}],"wp:attachment":[{"href":"https:\/\/guarumaquinas.com.br\/index.php\/wp-json\/wp\/v2\/media?parent=2839"}],"wp:term":[{"taxonomy":"product_cat","embeddable":true,"href":"https:\/\/guarumaquinas.com.br\/index.php\/wp-json\/wp\/v2\/product_cat?post=2839"},{"taxonomy":"product_tag","embeddable":true,"href":"https:\/\/guarumaquinas.com.br\/index.php\/wp-json\/wp\/v2\/product_tag?post=2839"}],"curies":[{"name":"wp","href":"https:\/\/api.w.org\/{rel}","templated":true}]}}