{"id":3077,"date":"2024-11-14T11:06:29","date_gmt":"2024-11-14T14:06:29","guid":{"rendered":"https:\/\/guarumaquinas.com.br\/?post_type=product&#038;p=3077"},"modified":"2024-11-14T11:06:32","modified_gmt":"2024-11-14T14:06:32","slug":"canhao-123-mm","status":"publish","type":"product","link":"https:\/\/guarumaquinas.com.br\/index.php\/produto\/canhao-123-mm\/","title":{"rendered":"Canh\u00e3o 123 mm"},"content":{"rendered":"<p>CANH\u00c3O PARA EXTRUSORA<\/p>\n<p>Dimens\u00e3o : 2700 mm<\/p>\n<p>Di\u00e2metro interno : 123\u00a0 mm<\/p>\n<p>Canh\u00e3o em excelente estado<\/p>\n<p>&nbsp;<\/p>\n","protected":false},"excerpt":{"rendered":"<p>CANH\u00c3O PARA EXTRUSORA Dimens\u00e3o : 2700 mm Di\u00e2metro interno : 123\u00a0 mm Canh\u00e3o em excelente estado &nbsp;<\/p>\n","protected":false},"featured_media":3073,"comment_status":"open","ping_status":"closed","template":"","meta":{"site-sidebar-layout":"default","site-content-layout":"default","ast-global-header-display":"","ast-main-header-display":"","ast-hfb-above-header-display":"","ast-hfb-below-header-display":"","ast-hfb-mobile-header-display":"","site-post-title":"","ast-breadcrumbs-content":"","ast-featured-img":"","footer-sml-layout":"","theme-transparent-header-meta":"default","adv-header-id-meta":"","stick-header-meta":"","header-above-stick-meta":"","header-main-stick-meta":"","header-below-stick-meta":""},"product_cat":[47],"product_tag":[],"class_list":["post-3077","product","type-product","status-publish","has-post-thumbnail","hentry","product_cat-canhaoerosca","desktop-align-left","tablet-align-left","mobile-align-left"],"_links":{"self":[{"href":"https:\/\/guarumaquinas.com.br\/index.php\/wp-json\/wp\/v2\/product\/3077","targetHints":{"allow":["GET"]}}],"collection":[{"href":"https:\/\/guarumaquinas.com.br\/index.php\/wp-json\/wp\/v2\/product"}],"about":[{"href":"https:\/\/guarumaquinas.com.br\/index.php\/wp-json\/wp\/v2\/types\/product"}],"replies":[{"embeddable":true,"href":"https:\/\/guarumaquinas.com.br\/index.php\/wp-json\/wp\/v2\/comments?post=3077"}],"wp:featuredmedia":[{"embeddable":true,"href":"https:\/\/guarumaquinas.com.br\/index.php\/wp-json\/wp\/v2\/media\/3073"}],"wp:attachment":[{"href":"https:\/\/guarumaquinas.com.br\/index.php\/wp-json\/wp\/v2\/media?parent=3077"}],"wp:term":[{"taxonomy":"product_cat","embeddable":true,"href":"https:\/\/guarumaquinas.com.br\/index.php\/wp-json\/wp\/v2\/product_cat?post=3077"},{"taxonomy":"product_tag","embeddable":true,"href":"https:\/\/guarumaquinas.com.br\/index.php\/wp-json\/wp\/v2\/product_tag?post=3077"}],"curies":[{"name":"wp","href":"https:\/\/api.w.org\/{rel}","templated":true}]}}