{"id":3166,"date":"2025-04-08T12:07:07","date_gmt":"2025-04-08T15:07:07","guid":{"rendered":"https:\/\/guarumaquinas.com.br\/?post_type=product&#038;p=3166"},"modified":"2025-04-08T12:07:08","modified_gmt":"2025-04-08T15:07:08","slug":"extrusora-45-mm-wortex","status":"publish","type":"product","link":"https:\/\/guarumaquinas.com.br\/index.php\/produto\/extrusora-45-mm-wortex\/","title":{"rendered":"Extrusora 45 mm Wortex"},"content":{"rendered":"<p>EXTRUSORA MONOROSCA WORTEX<\/p>\n<p>Fabricante : Wortex M\u00e1quinas e Equipamentos<\/p>\n<p>Modelo : WEX &#8211; 45 x 26<\/p>\n<p>Di\u00e2metro : 45 mm<\/p>\n<p>LD da rosca : 26 aproximado<\/p>\n<p>Pot\u00eancia do motor : 15 cv 4 polos 220\/380 V Revisado<\/p>\n<p>Redutor : 1.10<\/p>\n<p>Rosca retificada<\/p>\n","protected":false},"excerpt":{"rendered":"<p>EXTRUSORA MONOROSCA WORTEX Fabricante : Wortex M\u00e1quinas e Equipamentos Modelo : WEX &#8211; 45 x 26 Di\u00e2metro : 45 mm LD da rosca : 26 aproximado Pot\u00eancia do motor : 15 cv 4 polos 220\/380 V Revisado Redutor : 1.10 Rosca retificada<\/p>\n","protected":false},"featured_media":3173,"comment_status":"open","ping_status":"closed","template":"","meta":{"site-sidebar-layout":"default","site-content-layout":"default","ast-global-header-display":"","ast-main-header-display":"","ast-hfb-above-header-display":"","ast-hfb-below-header-display":"","ast-hfb-mobile-header-display":"","site-post-title":"","ast-breadcrumbs-content":"","ast-featured-img":"","footer-sml-layout":"","theme-transparent-header-meta":"default","adv-header-id-meta":"","stick-header-meta":"","header-above-stick-meta":"","header-main-stick-meta":"","header-below-stick-meta":""},"product_cat":[24],"product_tag":[],"class_list":["post-3166","product","type-product","status-publish","has-post-thumbnail","hentry","product_cat-extrusoras","desktop-align-left","tablet-align-left","mobile-align-left"],"_links":{"self":[{"href":"https:\/\/guarumaquinas.com.br\/index.php\/wp-json\/wp\/v2\/product\/3166","targetHints":{"allow":["GET"]}}],"collection":[{"href":"https:\/\/guarumaquinas.com.br\/index.php\/wp-json\/wp\/v2\/product"}],"about":[{"href":"https:\/\/guarumaquinas.com.br\/index.php\/wp-json\/wp\/v2\/types\/product"}],"replies":[{"embeddable":true,"href":"https:\/\/guarumaquinas.com.br\/index.php\/wp-json\/wp\/v2\/comments?post=3166"}],"wp:featuredmedia":[{"embeddable":true,"href":"https:\/\/guarumaquinas.com.br\/index.php\/wp-json\/wp\/v2\/media\/3173"}],"wp:attachment":[{"href":"https:\/\/guarumaquinas.com.br\/index.php\/wp-json\/wp\/v2\/media?parent=3166"}],"wp:term":[{"taxonomy":"product_cat","embeddable":true,"href":"https:\/\/guarumaquinas.com.br\/index.php\/wp-json\/wp\/v2\/product_cat?post=3166"},{"taxonomy":"product_tag","embeddable":true,"href":"https:\/\/guarumaquinas.com.br\/index.php\/wp-json\/wp\/v2\/product_tag?post=3166"}],"curies":[{"name":"wp","href":"https:\/\/api.w.org\/{rel}","templated":true}]}}