{"id":3207,"date":"2025-04-08T13:28:25","date_gmt":"2025-04-08T16:28:25","guid":{"rendered":"https:\/\/guarumaquinas.com.br\/?post_type=product&#038;p=3207"},"modified":"2025-04-08T13:28:26","modified_gmt":"2025-04-08T16:28:26","slug":"redutor-gsm-125","status":"publish","type":"product","link":"https:\/\/guarumaquinas.com.br\/index.php\/produto\/redutor-gsm-125\/","title":{"rendered":"Redutor Gsm 1:25"},"content":{"rendered":"<p>REDUTOR DE VELOCIDADE<\/p>\n<p>Marca : GSM Italiana<\/p>\n<p>Redu\u00e7\u00e3o : 1.25<\/p>\n<p>Pot\u00eancia : 90 cv<\/p>\n<p>Rpm : 1450 rpm<\/p>\n<p>Eixo de entrada : 50 mm<\/p>\n<p>Eixo de sa\u00edda : 90 mm<\/p>\n<p>Fabrica\u00e7\u00e3o : 2002<\/p>\n","protected":false},"excerpt":{"rendered":"<p>REDUTOR DE VELOCIDADE Marca : GSM Italiana Redu\u00e7\u00e3o : 1.25 Pot\u00eancia : 90 cv Rpm : 1450 rpm Eixo de entrada : 50 mm Eixo de sa\u00edda : 90 mm Fabrica\u00e7\u00e3o : 2002<\/p>\n","protected":false},"featured_media":3211,"comment_status":"open","ping_status":"closed","template":"","meta":{"site-sidebar-layout":"default","site-content-layout":"default","ast-global-header-display":"","ast-main-header-display":"","ast-hfb-above-header-display":"","ast-hfb-below-header-display":"","ast-hfb-mobile-header-display":"","site-post-title":"","ast-breadcrumbs-content":"","ast-featured-img":"","footer-sml-layout":"","theme-transparent-header-meta":"default","adv-header-id-meta":"","stick-header-meta":"","header-above-stick-meta":"","header-main-stick-meta":"","header-below-stick-meta":""},"product_cat":[29],"product_tag":[],"class_list":["post-3207","product","type-product","status-publish","has-post-thumbnail","hentry","product_cat-redutores","desktop-align-left","tablet-align-left","mobile-align-left"],"_links":{"self":[{"href":"https:\/\/guarumaquinas.com.br\/index.php\/wp-json\/wp\/v2\/product\/3207","targetHints":{"allow":["GET"]}}],"collection":[{"href":"https:\/\/guarumaquinas.com.br\/index.php\/wp-json\/wp\/v2\/product"}],"about":[{"href":"https:\/\/guarumaquinas.com.br\/index.php\/wp-json\/wp\/v2\/types\/product"}],"replies":[{"embeddable":true,"href":"https:\/\/guarumaquinas.com.br\/index.php\/wp-json\/wp\/v2\/comments?post=3207"}],"wp:featuredmedia":[{"embeddable":true,"href":"https:\/\/guarumaquinas.com.br\/index.php\/wp-json\/wp\/v2\/media\/3211"}],"wp:attachment":[{"href":"https:\/\/guarumaquinas.com.br\/index.php\/wp-json\/wp\/v2\/media?parent=3207"}],"wp:term":[{"taxonomy":"product_cat","embeddable":true,"href":"https:\/\/guarumaquinas.com.br\/index.php\/wp-json\/wp\/v2\/product_cat?post=3207"},{"taxonomy":"product_tag","embeddable":true,"href":"https:\/\/guarumaquinas.com.br\/index.php\/wp-json\/wp\/v2\/product_tag?post=3207"}],"curies":[{"name":"wp","href":"https:\/\/api.w.org\/{rel}","templated":true}]}}