{"id":3246,"date":"2025-04-14T11:51:09","date_gmt":"2025-04-14T14:51:09","guid":{"rendered":"https:\/\/guarumaquinas.com.br\/?post_type=product&#038;p=3246"},"modified":"2025-12-15T22:24:54","modified_gmt":"2025-12-16T01:24:54","slug":"secador-de-ar-comprimido","status":"publish","type":"product","link":"https:\/\/guarumaquinas.com.br\/index.php\/produto\/secador-de-ar-comprimido\/","title":{"rendered":"Secador de Ar Comprimido"},"content":{"rendered":"<p>Fabricante : Metalpan<\/p>\n<p>Modelo : TITAN-A 200 PLUS<\/p>\n<p>Ano : 2014<\/p>\n<p>Press\u00e3o M\u00e1xima : 12.3 Bar<\/p>\n<p>Vaz\u00e3o nominal : 3\u00b0 272m\u00b3\/h ( 160 pcm )<\/p>\n<p>Vaz\u00e3o nominal : 10\u00b0 340m\u00b3\/h ( 200 pcm )<\/p>\n<p>Alimenta\u00e7\u00e3o : 220 V<\/p>\n<p>Peso : 70 kg<\/p>\n<p>&nbsp;<\/p>\n","protected":false},"excerpt":{"rendered":"<p>Fabricante : Metalpan Modelo : TITAN-A 200 PLUS Ano : 2014 Press\u00e3o M\u00e1xima : 12.3 Bar Vaz\u00e3o nominal : 3\u00b0 272m\u00b3\/h ( 160 pcm ) Vaz\u00e3o nominal : 10\u00b0 340m\u00b3\/h ( 200 pcm ) Alimenta\u00e7\u00e3o : 220 V Peso : 70 kg &nbsp;<\/p>\n","protected":false},"featured_media":3248,"comment_status":"open","ping_status":"closed","template":"","meta":{"site-sidebar-layout":"default","site-content-layout":"default","ast-global-header-display":"","ast-main-header-display":"","ast-hfb-above-header-display":"","ast-hfb-below-header-display":"","ast-hfb-mobile-header-display":"","site-post-title":"","ast-breadcrumbs-content":"","ast-featured-img":"","footer-sml-layout":"","theme-transparent-header-meta":"default","adv-header-id-meta":"","stick-header-meta":"","header-above-stick-meta":"","header-main-stick-meta":"","header-below-stick-meta":""},"product_cat":[50],"product_tag":[],"class_list":["post-3246","product","type-product","status-publish","has-post-thumbnail","hentry","product_cat-maquinas-diversas","desktop-align-left","tablet-align-left","mobile-align-left"],"_links":{"self":[{"href":"https:\/\/guarumaquinas.com.br\/index.php\/wp-json\/wp\/v2\/product\/3246","targetHints":{"allow":["GET"]}}],"collection":[{"href":"https:\/\/guarumaquinas.com.br\/index.php\/wp-json\/wp\/v2\/product"}],"about":[{"href":"https:\/\/guarumaquinas.com.br\/index.php\/wp-json\/wp\/v2\/types\/product"}],"replies":[{"embeddable":true,"href":"https:\/\/guarumaquinas.com.br\/index.php\/wp-json\/wp\/v2\/comments?post=3246"}],"wp:featuredmedia":[{"embeddable":true,"href":"https:\/\/guarumaquinas.com.br\/index.php\/wp-json\/wp\/v2\/media\/3248"}],"wp:attachment":[{"href":"https:\/\/guarumaquinas.com.br\/index.php\/wp-json\/wp\/v2\/media?parent=3246"}],"wp:term":[{"taxonomy":"product_cat","embeddable":true,"href":"https:\/\/guarumaquinas.com.br\/index.php\/wp-json\/wp\/v2\/product_cat?post=3246"},{"taxonomy":"product_tag","embeddable":true,"href":"https:\/\/guarumaquinas.com.br\/index.php\/wp-json\/wp\/v2\/product_tag?post=3246"}],"curies":[{"name":"wp","href":"https:\/\/api.w.org\/{rel}","templated":true}]}}