{"id":3282,"date":"2025-04-30T11:33:47","date_gmt":"2025-04-30T14:33:47","guid":{"rendered":"https:\/\/guarumaquinas.com.br\/?post_type=product&#038;p=3282"},"modified":"2025-04-30T11:33:48","modified_gmt":"2025-04-30T14:33:48","slug":"moinho-silver-850-mm","status":"publish","type":"product","link":"https:\/\/guarumaquinas.com.br\/index.php\/produto\/moinho-silver-850-mm\/","title":{"rendered":"Moinho Silver 850 mm"},"content":{"rendered":"<p>MOINHO PARA FIBRAS<\/p>\n<p>Fabricante: Equipamentos Silver<br \/>\nModelo: 140-85<br \/>\nPot\u00eancia: 100 CV (sem motor tendo a op\u00e7\u00e3o de enviarmos com motor)<br \/>\nAno de fabrica\u00e7\u00e3o: 2009<br \/>\n\u00c1rea de moagem: 840mm<br \/>\nQuantidade de discos: 16<\/p>\n<p>M\u00e1quina robusta da marca Silver Veneto, ideal para o processamento de fibras naturais e sint\u00e9ticas, como sisal, coco, juta, palha, tecidos e outros materiais fibrosos. Equipada com eixo rotativo de discos serrilhados, proporciona alta efici\u00eancia na tritura\u00e7\u00e3o e desfibramento. Constru\u00e7\u00e3o refor\u00e7ada em a\u00e7o, pronta para uso em ind\u00fastrias t\u00eaxteis, agr\u00edcolas, recicladoras ou de biomassa.<\/p>\n","protected":false},"excerpt":{"rendered":"<p>MOINHO PARA FIBRAS Fabricante: Equipamentos Silver Modelo: 140-85 Pot\u00eancia: 100 CV (sem motor tendo a op\u00e7\u00e3o de enviarmos com motor) Ano de fabrica\u00e7\u00e3o: 2009 \u00c1rea de moagem: 840mm Quantidade de discos: 16 M\u00e1quina robusta da marca Silver Veneto, ideal para o processamento de fibras naturais e sint\u00e9ticas, como sisal, coco, juta, palha, tecidos e outros &hellip;<\/p>\n<p class=\"read-more\"> <a class=\"\" href=\"https:\/\/guarumaquinas.com.br\/index.php\/produto\/moinho-silver-850-mm\/\"> <span class=\"screen-reader-text\">Moinho Silver 850 mm<\/span> Leia mais &raquo;<\/a><\/p>\n","protected":false},"featured_media":3285,"comment_status":"open","ping_status":"closed","template":"","meta":{"site-sidebar-layout":"default","site-content-layout":"default","ast-global-header-display":"","ast-main-header-display":"","ast-hfb-above-header-display":"","ast-hfb-below-header-display":"","ast-hfb-mobile-header-display":"","site-post-title":"","ast-breadcrumbs-content":"","ast-featured-img":"","footer-sml-layout":"","theme-transparent-header-meta":"default","adv-header-id-meta":"","stick-header-meta":"","header-above-stick-meta":"","header-main-stick-meta":"","header-below-stick-meta":""},"product_cat":[28],"product_tag":[],"class_list":["post-3282","product","type-product","status-publish","has-post-thumbnail","hentry","product_cat-moinhos","desktop-align-left","tablet-align-left","mobile-align-left"],"_links":{"self":[{"href":"https:\/\/guarumaquinas.com.br\/index.php\/wp-json\/wp\/v2\/product\/3282","targetHints":{"allow":["GET"]}}],"collection":[{"href":"https:\/\/guarumaquinas.com.br\/index.php\/wp-json\/wp\/v2\/product"}],"about":[{"href":"https:\/\/guarumaquinas.com.br\/index.php\/wp-json\/wp\/v2\/types\/product"}],"replies":[{"embeddable":true,"href":"https:\/\/guarumaquinas.com.br\/index.php\/wp-json\/wp\/v2\/comments?post=3282"}],"wp:featuredmedia":[{"embeddable":true,"href":"https:\/\/guarumaquinas.com.br\/index.php\/wp-json\/wp\/v2\/media\/3285"}],"wp:attachment":[{"href":"https:\/\/guarumaquinas.com.br\/index.php\/wp-json\/wp\/v2\/media?parent=3282"}],"wp:term":[{"taxonomy":"product_cat","embeddable":true,"href":"https:\/\/guarumaquinas.com.br\/index.php\/wp-json\/wp\/v2\/product_cat?post=3282"},{"taxonomy":"product_tag","embeddable":true,"href":"https:\/\/guarumaquinas.com.br\/index.php\/wp-json\/wp\/v2\/product_tag?post=3282"}],"curies":[{"name":"wp","href":"https:\/\/api.w.org\/{rel}","templated":true}]}}