{"id":3314,"date":"2025-07-10T14:13:15","date_gmt":"2025-07-10T17:13:15","guid":{"rendered":"https:\/\/guarumaquinas.com.br\/?post_type=product&#038;p=3314"},"modified":"2025-07-10T14:13:16","modified_gmt":"2025-07-10T17:13:16","slug":"redutor-cestari-16","status":"publish","type":"product","link":"https:\/\/guarumaquinas.com.br\/index.php\/produto\/redutor-cestari-16\/","title":{"rendered":"Redutor Cestari 1:6"},"content":{"rendered":"<p>Redutor de Velocidade<\/p>\n<p>Fabricante: Cestari<\/p>\n<p>Eixo de Entrada: 80 mm<\/p>\n<p>Eixo de Sa\u00edda: 140 mm<\/p>\n<p>Redu\u00e7\u00e3o: 1:6,3<\/p>\n<p>Capacidade: 380 cv<\/p>\n<p>Engrenagens em excelente estado<\/p>\n<p>Bomba de \u00f3leo e trocador<\/p>\n","protected":false},"excerpt":{"rendered":"<p>Redutor de Velocidade Fabricante: Cestari Eixo de Entrada: 80 mm Eixo de Sa\u00edda: 140 mm Redu\u00e7\u00e3o: 1:6,3 Capacidade: 380 cv Engrenagens em excelente estado Bomba de \u00f3leo e trocador<\/p>\n","protected":false},"featured_media":3318,"comment_status":"open","ping_status":"closed","template":"","meta":{"site-sidebar-layout":"default","site-content-layout":"default","ast-global-header-display":"","ast-main-header-display":"","ast-hfb-above-header-display":"","ast-hfb-below-header-display":"","ast-hfb-mobile-header-display":"","site-post-title":"","ast-breadcrumbs-content":"","ast-featured-img":"","footer-sml-layout":"","theme-transparent-header-meta":"default","adv-header-id-meta":"","stick-header-meta":"","header-above-stick-meta":"","header-main-stick-meta":"","header-below-stick-meta":""},"product_cat":[29],"product_tag":[],"class_list":["post-3314","product","type-product","status-publish","has-post-thumbnail","hentry","product_cat-redutores","desktop-align-left","tablet-align-left","mobile-align-left"],"_links":{"self":[{"href":"https:\/\/guarumaquinas.com.br\/index.php\/wp-json\/wp\/v2\/product\/3314","targetHints":{"allow":["GET"]}}],"collection":[{"href":"https:\/\/guarumaquinas.com.br\/index.php\/wp-json\/wp\/v2\/product"}],"about":[{"href":"https:\/\/guarumaquinas.com.br\/index.php\/wp-json\/wp\/v2\/types\/product"}],"replies":[{"embeddable":true,"href":"https:\/\/guarumaquinas.com.br\/index.php\/wp-json\/wp\/v2\/comments?post=3314"}],"wp:featuredmedia":[{"embeddable":true,"href":"https:\/\/guarumaquinas.com.br\/index.php\/wp-json\/wp\/v2\/media\/3318"}],"wp:attachment":[{"href":"https:\/\/guarumaquinas.com.br\/index.php\/wp-json\/wp\/v2\/media?parent=3314"}],"wp:term":[{"taxonomy":"product_cat","embeddable":true,"href":"https:\/\/guarumaquinas.com.br\/index.php\/wp-json\/wp\/v2\/product_cat?post=3314"},{"taxonomy":"product_tag","embeddable":true,"href":"https:\/\/guarumaquinas.com.br\/index.php\/wp-json\/wp\/v2\/product_tag?post=3314"}],"curies":[{"name":"wp","href":"https:\/\/api.w.org\/{rel}","templated":true}]}}