{"id":3371,"date":"2025-09-05T10:43:26","date_gmt":"2025-09-05T13:43:26","guid":{"rendered":"https:\/\/guarumaquinas.com.br\/?post_type=product&#038;p=3371"},"modified":"2025-09-05T10:43:27","modified_gmt":"2025-09-05T13:43:27","slug":"extrusora-cascata-180-mm","status":"publish","type":"product","link":"https:\/\/guarumaquinas.com.br\/index.php\/produto\/extrusora-cascata-180-mm\/","title":{"rendered":"Extrusora Cascata 180 mm"},"content":{"rendered":"<p>Extrusora Cascata parte debaixo<\/p>\n<p>Di\u00e2metro da rosca : 180 mm<\/p>\n<p>Comprimento do canh\u00e3o : 1300 mm<\/p>\n<p>LD aproximado da rosca : 7.2<\/p>\n<p>Redutor : Sew Eurodrive com caixa de rolamento<\/p>\n<p>Motor : Weg 40 cv 4 polos trif\u00e1sico<\/p>\n<p>Canh\u00e3o e rosca justo, pronto para trabalhar<\/p>\n","protected":false},"excerpt":{"rendered":"<p>Extrusora Cascata parte debaixo Di\u00e2metro da rosca : 180 mm Comprimento do canh\u00e3o : 1300 mm LD aproximado da rosca : 7.2 Redutor : Sew Eurodrive com caixa de rolamento Motor : Weg 40 cv 4 polos trif\u00e1sico Canh\u00e3o e rosca justo, pronto para trabalhar<\/p>\n","protected":false},"featured_media":3377,"comment_status":"open","ping_status":"closed","template":"","meta":{"site-sidebar-layout":"default","site-content-layout":"default","ast-global-header-display":"","ast-main-header-display":"","ast-hfb-above-header-display":"","ast-hfb-below-header-display":"","ast-hfb-mobile-header-display":"","site-post-title":"","ast-breadcrumbs-content":"","ast-featured-img":"","footer-sml-layout":"","theme-transparent-header-meta":"default","adv-header-id-meta":"","stick-header-meta":"","header-above-stick-meta":"","header-main-stick-meta":"","header-below-stick-meta":""},"product_cat":[24],"product_tag":[],"class_list":["post-3371","product","type-product","status-publish","has-post-thumbnail","hentry","product_cat-extrusoras","desktop-align-left","tablet-align-left","mobile-align-left"],"_links":{"self":[{"href":"https:\/\/guarumaquinas.com.br\/index.php\/wp-json\/wp\/v2\/product\/3371","targetHints":{"allow":["GET"]}}],"collection":[{"href":"https:\/\/guarumaquinas.com.br\/index.php\/wp-json\/wp\/v2\/product"}],"about":[{"href":"https:\/\/guarumaquinas.com.br\/index.php\/wp-json\/wp\/v2\/types\/product"}],"replies":[{"embeddable":true,"href":"https:\/\/guarumaquinas.com.br\/index.php\/wp-json\/wp\/v2\/comments?post=3371"}],"wp:featuredmedia":[{"embeddable":true,"href":"https:\/\/guarumaquinas.com.br\/index.php\/wp-json\/wp\/v2\/media\/3377"}],"wp:attachment":[{"href":"https:\/\/guarumaquinas.com.br\/index.php\/wp-json\/wp\/v2\/media?parent=3371"}],"wp:term":[{"taxonomy":"product_cat","embeddable":true,"href":"https:\/\/guarumaquinas.com.br\/index.php\/wp-json\/wp\/v2\/product_cat?post=3371"},{"taxonomy":"product_tag","embeddable":true,"href":"https:\/\/guarumaquinas.com.br\/index.php\/wp-json\/wp\/v2\/product_tag?post=3371"}],"curies":[{"name":"wp","href":"https:\/\/api.w.org\/{rel}","templated":true}]}}