{"id":3379,"date":"2025-09-08T11:07:16","date_gmt":"2025-09-08T14:07:16","guid":{"rendered":"https:\/\/guarumaquinas.com.br\/?post_type=product&#038;p=3379"},"modified":"2025-09-08T11:07:17","modified_gmt":"2025-09-08T14:07:17","slug":"gerador-de-energia-a-diesel","status":"publish","type":"product","link":"https:\/\/guarumaquinas.com.br\/index.php\/produto\/gerador-de-energia-a-diesel\/","title":{"rendered":"Gerador de Energia a Diesel"},"content":{"rendered":"<p>Gerador de Energia<\/p>\n<p>Fabricante : Carmos<\/p>\n<p>Combust\u00edvel : Diesel<\/p>\n<p>Pot\u00eancia : 52.5 KVA<\/p>\n<p>Tens\u00e3o : 220-380 V<\/p>\n<p>Ano : 1962<\/p>\n<p>&nbsp;<\/p>\n","protected":false},"excerpt":{"rendered":"<p>Gerador de Energia Fabricante : Carmos Combust\u00edvel : Diesel Pot\u00eancia : 52.5 KVA Tens\u00e3o : 220-380 V Ano : 1962 &nbsp;<\/p>\n","protected":false},"featured_media":3382,"comment_status":"open","ping_status":"closed","template":"","meta":{"site-sidebar-layout":"default","site-content-layout":"default","ast-global-header-display":"","ast-main-header-display":"","ast-hfb-above-header-display":"","ast-hfb-below-header-display":"","ast-hfb-mobile-header-display":"","site-post-title":"","ast-breadcrumbs-content":"","ast-featured-img":"","footer-sml-layout":"","theme-transparent-header-meta":"default","adv-header-id-meta":"","stick-header-meta":"","header-above-stick-meta":"","header-main-stick-meta":"","header-below-stick-meta":""},"product_cat":[50],"product_tag":[],"class_list":["post-3379","product","type-product","status-publish","has-post-thumbnail","hentry","product_cat-maquinas-diversas","desktop-align-left","tablet-align-left","mobile-align-left"],"_links":{"self":[{"href":"https:\/\/guarumaquinas.com.br\/index.php\/wp-json\/wp\/v2\/product\/3379","targetHints":{"allow":["GET"]}}],"collection":[{"href":"https:\/\/guarumaquinas.com.br\/index.php\/wp-json\/wp\/v2\/product"}],"about":[{"href":"https:\/\/guarumaquinas.com.br\/index.php\/wp-json\/wp\/v2\/types\/product"}],"replies":[{"embeddable":true,"href":"https:\/\/guarumaquinas.com.br\/index.php\/wp-json\/wp\/v2\/comments?post=3379"}],"wp:featuredmedia":[{"embeddable":true,"href":"https:\/\/guarumaquinas.com.br\/index.php\/wp-json\/wp\/v2\/media\/3382"}],"wp:attachment":[{"href":"https:\/\/guarumaquinas.com.br\/index.php\/wp-json\/wp\/v2\/media?parent=3379"}],"wp:term":[{"taxonomy":"product_cat","embeddable":true,"href":"https:\/\/guarumaquinas.com.br\/index.php\/wp-json\/wp\/v2\/product_cat?post=3379"},{"taxonomy":"product_tag","embeddable":true,"href":"https:\/\/guarumaquinas.com.br\/index.php\/wp-json\/wp\/v2\/product_tag?post=3379"}],"curies":[{"name":"wp","href":"https:\/\/api.w.org\/{rel}","templated":true}]}}