{"id":3397,"date":"2025-10-11T20:26:42","date_gmt":"2025-10-11T23:26:42","guid":{"rendered":"https:\/\/guarumaquinas.com.br\/?post_type=product&#038;p=3397"},"modified":"2025-12-15T22:23:51","modified_gmt":"2025-12-16T01:23:51","slug":"misturador-e-resfriador-mecanoplast","status":"publish","type":"product","link":"https:\/\/guarumaquinas.com.br\/index.php\/produto\/misturador-e-resfriador-mecanoplast\/","title":{"rendered":"Misturador e Resfriador Mecanoplast"},"content":{"rendered":"<p>Misturador e Resfriador para PVC<\/p>\n<p>Fabricante : Mecanoplast<\/p>\n<p>Modelo Misturador : M-350-2V<\/p>\n<p>Capacidade Nominal : 350 Litros<\/p>\n<p>Capacidade \u00datil : 250 Litros<\/p>\n<p>Pot\u00eancia : 125 CV<\/p>\n<p>&nbsp;<\/p>\n<p>Modelo Resfriador : RH- 1050<\/p>\n<p>Capacidade Nominal : 1050 Litros<\/p>\n<p>Capacidade \u00datil : 330 Litros<\/p>\n<p>Pot\u00eancia : 25 cv<\/p>\n","protected":false},"excerpt":{"rendered":"<p>Misturador e Resfriador para PVC Fabricante : Mecanoplast Modelo Misturador : M-350-2V Capacidade Nominal : 350 Litros Capacidade \u00datil : 250 Litros Pot\u00eancia : 125 CV &nbsp; Modelo Resfriador : RH- 1050 Capacidade Nominal : 1050 Litros Capacidade \u00datil : 330 Litros Pot\u00eancia : 25 cv<\/p>\n","protected":false},"featured_media":3398,"comment_status":"open","ping_status":"closed","template":"","meta":{"site-sidebar-layout":"default","site-content-layout":"default","ast-global-header-display":"","ast-main-header-display":"","ast-hfb-above-header-display":"","ast-hfb-below-header-display":"","ast-hfb-mobile-header-display":"","site-post-title":"","ast-breadcrumbs-content":"","ast-featured-img":"","footer-sml-layout":"","theme-transparent-header-meta":"default","adv-header-id-meta":"","stick-header-meta":"","header-above-stick-meta":"","header-main-stick-meta":"","header-below-stick-meta":""},"product_cat":[46],"product_tag":[],"class_list":["post-3397","product","type-product","status-publish","has-post-thumbnail","hentry","product_cat-misturadores","desktop-align-left","tablet-align-left","mobile-align-left"],"_links":{"self":[{"href":"https:\/\/guarumaquinas.com.br\/index.php\/wp-json\/wp\/v2\/product\/3397","targetHints":{"allow":["GET"]}}],"collection":[{"href":"https:\/\/guarumaquinas.com.br\/index.php\/wp-json\/wp\/v2\/product"}],"about":[{"href":"https:\/\/guarumaquinas.com.br\/index.php\/wp-json\/wp\/v2\/types\/product"}],"replies":[{"embeddable":true,"href":"https:\/\/guarumaquinas.com.br\/index.php\/wp-json\/wp\/v2\/comments?post=3397"}],"wp:featuredmedia":[{"embeddable":true,"href":"https:\/\/guarumaquinas.com.br\/index.php\/wp-json\/wp\/v2\/media\/3398"}],"wp:attachment":[{"href":"https:\/\/guarumaquinas.com.br\/index.php\/wp-json\/wp\/v2\/media?parent=3397"}],"wp:term":[{"taxonomy":"product_cat","embeddable":true,"href":"https:\/\/guarumaquinas.com.br\/index.php\/wp-json\/wp\/v2\/product_cat?post=3397"},{"taxonomy":"product_tag","embeddable":true,"href":"https:\/\/guarumaquinas.com.br\/index.php\/wp-json\/wp\/v2\/product_tag?post=3397"}],"curies":[{"name":"wp","href":"https:\/\/api.w.org\/{rel}","templated":true}]}}