{"id":3424,"date":"2025-10-16T12:31:33","date_gmt":"2025-10-16T15:31:33","guid":{"rendered":"https:\/\/guarumaquinas.com.br\/?post_type=product&#038;p=3424"},"modified":"2025-10-16T12:31:35","modified_gmt":"2025-10-16T15:31:35","slug":"moinho-kasmaq-200-mm","status":"publish","type":"product","link":"https:\/\/guarumaquinas.com.br\/index.php\/produto\/moinho-kasmaq-200-mm\/","title":{"rendered":"Moinho Kasmaq 200 mm"},"content":{"rendered":"<p>Moinho para pe\u00e7as pl\u00e1sticas<\/p>\n<p>Fabricante : Kasmaq<\/p>\n<p>3 facas rotativas<\/p>\n<p>1 faca fixa<\/p>\n<p>Motor : 3 cv com painel el\u00e9trico<\/p>\n","protected":false},"excerpt":{"rendered":"<p>Moinho para pe\u00e7as pl\u00e1sticas Fabricante : Kasmaq 3 facas rotativas 1 faca fixa Motor : 3 cv com painel el\u00e9trico<\/p>\n","protected":false},"featured_media":3425,"comment_status":"open","ping_status":"closed","template":"","meta":{"site-sidebar-layout":"default","site-content-layout":"default","ast-global-header-display":"","ast-main-header-display":"","ast-hfb-above-header-display":"","ast-hfb-below-header-display":"","ast-hfb-mobile-header-display":"","site-post-title":"","ast-breadcrumbs-content":"","ast-featured-img":"","footer-sml-layout":"","theme-transparent-header-meta":"default","adv-header-id-meta":"","stick-header-meta":"","header-above-stick-meta":"","header-main-stick-meta":"","header-below-stick-meta":""},"product_cat":[28],"product_tag":[],"class_list":["post-3424","product","type-product","status-publish","has-post-thumbnail","hentry","product_cat-moinhos","desktop-align-left","tablet-align-left","mobile-align-left"],"_links":{"self":[{"href":"https:\/\/guarumaquinas.com.br\/index.php\/wp-json\/wp\/v2\/product\/3424","targetHints":{"allow":["GET"]}}],"collection":[{"href":"https:\/\/guarumaquinas.com.br\/index.php\/wp-json\/wp\/v2\/product"}],"about":[{"href":"https:\/\/guarumaquinas.com.br\/index.php\/wp-json\/wp\/v2\/types\/product"}],"replies":[{"embeddable":true,"href":"https:\/\/guarumaquinas.com.br\/index.php\/wp-json\/wp\/v2\/comments?post=3424"}],"wp:featuredmedia":[{"embeddable":true,"href":"https:\/\/guarumaquinas.com.br\/index.php\/wp-json\/wp\/v2\/media\/3425"}],"wp:attachment":[{"href":"https:\/\/guarumaquinas.com.br\/index.php\/wp-json\/wp\/v2\/media?parent=3424"}],"wp:term":[{"taxonomy":"product_cat","embeddable":true,"href":"https:\/\/guarumaquinas.com.br\/index.php\/wp-json\/wp\/v2\/product_cat?post=3424"},{"taxonomy":"product_tag","embeddable":true,"href":"https:\/\/guarumaquinas.com.br\/index.php\/wp-json\/wp\/v2\/product_tag?post=3424"}],"curies":[{"name":"wp","href":"https:\/\/api.w.org\/{rel}","templated":true}]}}