{"id":3744,"date":"2025-12-15T22:58:59","date_gmt":"2025-12-16T01:58:59","guid":{"rendered":"https:\/\/guarumaquinas.com.br\/?post_type=product&#038;p=3744"},"modified":"2025-12-15T22:59:00","modified_gmt":"2025-12-16T01:59:00","slug":"redutor-cestari-114","status":"publish","type":"product","link":"https:\/\/guarumaquinas.com.br\/index.php\/produto\/redutor-cestari-114\/","title":{"rendered":"Redutor Cestari 1:14"},"content":{"rendered":"<p>Redutor de Velocidade para Extrusora<\/p>\n<p>Com caixa de rolamento acoplada<\/p>\n<p>Pot\u00eancia : 32,5 kw &#8211; 44 cv<\/p>\n<p>Redu\u00e7\u00e3o real : 1:14<\/p>\n<p>Entrada : 1750 rpm<\/p>\n<p>Sa\u00edda : 125 rpm<\/p>\n<p>Unidades : 3 dispon\u00edveis<\/p>\n<p>&nbsp;<\/p>\n","protected":false},"excerpt":{"rendered":"<p>Redutor de Velocidade para Extrusora Com caixa de rolamento acoplada Pot\u00eancia : 32,5 kw &#8211; 44 cv Redu\u00e7\u00e3o real : 1:14 Entrada : 1750 rpm Sa\u00edda : 125 rpm Unidades : 3 dispon\u00edveis &nbsp;<\/p>\n","protected":false},"featured_media":3747,"comment_status":"open","ping_status":"closed","template":"","meta":{"site-sidebar-layout":"default","site-content-layout":"default","ast-global-header-display":"","ast-main-header-display":"","ast-hfb-above-header-display":"","ast-hfb-below-header-display":"","ast-hfb-mobile-header-display":"","site-post-title":"","ast-breadcrumbs-content":"","ast-featured-img":"","footer-sml-layout":"","theme-transparent-header-meta":"default","adv-header-id-meta":"","stick-header-meta":"","header-above-stick-meta":"","header-main-stick-meta":"","header-below-stick-meta":""},"product_cat":[29],"product_tag":[],"class_list":["post-3744","product","type-product","status-publish","has-post-thumbnail","hentry","product_cat-redutores","desktop-align-left","tablet-align-left","mobile-align-left"],"_links":{"self":[{"href":"https:\/\/guarumaquinas.com.br\/index.php\/wp-json\/wp\/v2\/product\/3744","targetHints":{"allow":["GET"]}}],"collection":[{"href":"https:\/\/guarumaquinas.com.br\/index.php\/wp-json\/wp\/v2\/product"}],"about":[{"href":"https:\/\/guarumaquinas.com.br\/index.php\/wp-json\/wp\/v2\/types\/product"}],"replies":[{"embeddable":true,"href":"https:\/\/guarumaquinas.com.br\/index.php\/wp-json\/wp\/v2\/comments?post=3744"}],"wp:featuredmedia":[{"embeddable":true,"href":"https:\/\/guarumaquinas.com.br\/index.php\/wp-json\/wp\/v2\/media\/3747"}],"wp:attachment":[{"href":"https:\/\/guarumaquinas.com.br\/index.php\/wp-json\/wp\/v2\/media?parent=3744"}],"wp:term":[{"taxonomy":"product_cat","embeddable":true,"href":"https:\/\/guarumaquinas.com.br\/index.php\/wp-json\/wp\/v2\/product_cat?post=3744"},{"taxonomy":"product_tag","embeddable":true,"href":"https:\/\/guarumaquinas.com.br\/index.php\/wp-json\/wp\/v2\/product_tag?post=3744"}],"curies":[{"name":"wp","href":"https:\/\/api.w.org\/{rel}","templated":true}]}}