{"id":3749,"date":"2025-12-15T23:12:42","date_gmt":"2025-12-16T02:12:42","guid":{"rendered":"https:\/\/guarumaquinas.com.br\/?post_type=product&#038;p=3749"},"modified":"2025-12-15T23:12:43","modified_gmt":"2025-12-16T02:12:43","slug":"sistema-acelerado-de-envelhecimento-de-materiais","status":"publish","type":"product","link":"https:\/\/guarumaquinas.com.br\/index.php\/produto\/sistema-acelerado-de-envelhecimento-de-materiais\/","title":{"rendered":"Sistema acelerado de envelhecimento de materiais"},"content":{"rendered":"<p>Sistema acelerado de envelhecimento para n\u00e3o met\u00e1licos ultra violeta A\/B &#8211; Condensa\u00e7\u00e3o<\/p>\n<p>Fabricante : Adexim &#8211; Comexim<\/p>\n<p>Pot\u00eancia : 1800 W<\/p>\n<p>Voltagem : 220 V<\/p>\n<p>Ciclos : 60<\/p>\n","protected":false},"excerpt":{"rendered":"<p>Sistema acelerado de envelhecimento para n\u00e3o met\u00e1licos ultra violeta A\/B &#8211; Condensa\u00e7\u00e3o Fabricante : Adexim &#8211; Comexim Pot\u00eancia : 1800 W Voltagem : 220 V Ciclos : 60<\/p>\n","protected":false},"featured_media":3750,"comment_status":"open","ping_status":"closed","template":"","meta":{"site-sidebar-layout":"default","site-content-layout":"default","ast-global-header-display":"","ast-main-header-display":"","ast-hfb-above-header-display":"","ast-hfb-below-header-display":"","ast-hfb-mobile-header-display":"","site-post-title":"","ast-breadcrumbs-content":"","ast-featured-img":"","footer-sml-layout":"","theme-transparent-header-meta":"default","adv-header-id-meta":"","stick-header-meta":"","header-above-stick-meta":"","header-main-stick-meta":"","header-below-stick-meta":""},"product_cat":[50],"product_tag":[],"class_list":["post-3749","product","type-product","status-publish","has-post-thumbnail","hentry","product_cat-maquinas-diversas","desktop-align-left","tablet-align-left","mobile-align-left"],"_links":{"self":[{"href":"https:\/\/guarumaquinas.com.br\/index.php\/wp-json\/wp\/v2\/product\/3749","targetHints":{"allow":["GET"]}}],"collection":[{"href":"https:\/\/guarumaquinas.com.br\/index.php\/wp-json\/wp\/v2\/product"}],"about":[{"href":"https:\/\/guarumaquinas.com.br\/index.php\/wp-json\/wp\/v2\/types\/product"}],"replies":[{"embeddable":true,"href":"https:\/\/guarumaquinas.com.br\/index.php\/wp-json\/wp\/v2\/comments?post=3749"}],"wp:featuredmedia":[{"embeddable":true,"href":"https:\/\/guarumaquinas.com.br\/index.php\/wp-json\/wp\/v2\/media\/3750"}],"wp:attachment":[{"href":"https:\/\/guarumaquinas.com.br\/index.php\/wp-json\/wp\/v2\/media?parent=3749"}],"wp:term":[{"taxonomy":"product_cat","embeddable":true,"href":"https:\/\/guarumaquinas.com.br\/index.php\/wp-json\/wp\/v2\/product_cat?post=3749"},{"taxonomy":"product_tag","embeddable":true,"href":"https:\/\/guarumaquinas.com.br\/index.php\/wp-json\/wp\/v2\/product_tag?post=3749"}],"curies":[{"name":"wp","href":"https:\/\/api.w.org\/{rel}","templated":true}]}}