{"id":3800,"date":"2025-12-16T10:55:58","date_gmt":"2025-12-16T13:55:58","guid":{"rendered":"https:\/\/guarumaquinas.com.br\/?post_type=product&#038;p=3800"},"modified":"2025-12-17T00:26:58","modified_gmt":"2025-12-17T03:26:58","slug":"serra-inclinada","status":"publish","type":"product","link":"https:\/\/guarumaquinas.com.br\/index.php\/produto\/serra-inclinada\/","title":{"rendered":"Serra Inclinada"},"content":{"rendered":"<p>Inclinada para perfil pl\u00e1stico<\/p>\n<p>\u00c1rea \u00fatil de corte : 250 mm<\/p>\n<p>largura Di\u00e2metro da serra : 300 mm<\/p>\n<p>Motor da serra : 1 cv 3500 rpm<\/p>\n<p>Pist\u00f5es pneum\u00e1ticos para travamento do material<\/p>\n","protected":false},"excerpt":{"rendered":"<p>Inclinada para perfil pl\u00e1stico \u00c1rea \u00fatil de corte : 250 mm largura Di\u00e2metro da serra : 300 mm Motor da serra : 1 cv 3500 rpm Pist\u00f5es pneum\u00e1ticos para travamento do material<\/p>\n","protected":false},"featured_media":3213,"comment_status":"open","ping_status":"closed","template":"","meta":{"site-sidebar-layout":"default","site-content-layout":"default","ast-global-header-display":"","ast-main-header-display":"","ast-hfb-above-header-display":"","ast-hfb-below-header-display":"","ast-hfb-mobile-header-display":"","site-post-title":"","ast-breadcrumbs-content":"","ast-featured-img":"","footer-sml-layout":"","theme-transparent-header-meta":"default","adv-header-id-meta":"","stick-header-meta":"","header-above-stick-meta":"","header-main-stick-meta":"","header-below-stick-meta":""},"product_cat":[50],"product_tag":[],"class_list":["post-3800","product","type-product","status-publish","has-post-thumbnail","hentry","product_cat-maquinas-diversas","desktop-align-left","tablet-align-left","mobile-align-left"],"_links":{"self":[{"href":"https:\/\/guarumaquinas.com.br\/index.php\/wp-json\/wp\/v2\/product\/3800","targetHints":{"allow":["GET"]}}],"collection":[{"href":"https:\/\/guarumaquinas.com.br\/index.php\/wp-json\/wp\/v2\/product"}],"about":[{"href":"https:\/\/guarumaquinas.com.br\/index.php\/wp-json\/wp\/v2\/types\/product"}],"replies":[{"embeddable":true,"href":"https:\/\/guarumaquinas.com.br\/index.php\/wp-json\/wp\/v2\/comments?post=3800"}],"wp:featuredmedia":[{"embeddable":true,"href":"https:\/\/guarumaquinas.com.br\/index.php\/wp-json\/wp\/v2\/media\/3213"}],"wp:attachment":[{"href":"https:\/\/guarumaquinas.com.br\/index.php\/wp-json\/wp\/v2\/media?parent=3800"}],"wp:term":[{"taxonomy":"product_cat","embeddable":true,"href":"https:\/\/guarumaquinas.com.br\/index.php\/wp-json\/wp\/v2\/product_cat?post=3800"},{"taxonomy":"product_tag","embeddable":true,"href":"https:\/\/guarumaquinas.com.br\/index.php\/wp-json\/wp\/v2\/product_tag?post=3800"}],"curies":[{"name":"wp","href":"https:\/\/api.w.org\/{rel}","templated":true}]}}