{"id":3856,"date":"2025-12-18T12:49:19","date_gmt":"2025-12-18T15:49:19","guid":{"rendered":"https:\/\/guarumaquinas.com.br\/?post_type=product&#038;p=3856"},"modified":"2025-12-18T12:49:19","modified_gmt":"2025-12-18T15:49:19","slug":"moinho-moretto-200-mm","status":"publish","type":"product","link":"https:\/\/guarumaquinas.com.br\/index.php\/produto\/moinho-moretto-200-mm\/","title":{"rendered":"Moinho Moretto 200 mm"},"content":{"rendered":"<p>MOINHO MORETTO COM VENTOINHA<\/p>\n<p>Fabricante : MORETTO<\/p>\n<p>Modelo : GR2020<\/p>\n<p>Pot\u00eancia : 2 cv 6 polos 220\/380 V<\/p>\n<p>Caixa de tritura\u00e7\u00e3o : 200 mm<\/p>\n<p>Ventoinha : 0.4 cv<\/p>\n<p>Painel el\u00e9trico acoplado<\/p>\n<p>Ano de Fabrica\u00e7\u00e3o : 2015<\/p>\n","protected":false},"excerpt":{"rendered":"<p>MOINHO MORETTO COM VENTOINHA Fabricante : MORETTO Modelo : GR2020 Pot\u00eancia : 2 cv 6 polos 220\/380 V Caixa de tritura\u00e7\u00e3o : 200 mm Ventoinha : 0.4 cv Painel el\u00e9trico acoplado Ano de Fabrica\u00e7\u00e3o : 2015<\/p>\n","protected":false},"featured_media":3864,"comment_status":"open","ping_status":"closed","template":"","meta":{"site-sidebar-layout":"default","site-content-layout":"default","ast-global-header-display":"","ast-main-header-display":"","ast-hfb-above-header-display":"","ast-hfb-below-header-display":"","ast-hfb-mobile-header-display":"","site-post-title":"","ast-breadcrumbs-content":"","ast-featured-img":"","footer-sml-layout":"","theme-transparent-header-meta":"default","adv-header-id-meta":"","stick-header-meta":"","header-above-stick-meta":"","header-main-stick-meta":"","header-below-stick-meta":""},"product_cat":[28],"product_tag":[],"class_list":["post-3856","product","type-product","status-publish","has-post-thumbnail","hentry","product_cat-moinhos","desktop-align-left","tablet-align-left","mobile-align-left"],"_links":{"self":[{"href":"https:\/\/guarumaquinas.com.br\/index.php\/wp-json\/wp\/v2\/product\/3856","targetHints":{"allow":["GET"]}}],"collection":[{"href":"https:\/\/guarumaquinas.com.br\/index.php\/wp-json\/wp\/v2\/product"}],"about":[{"href":"https:\/\/guarumaquinas.com.br\/index.php\/wp-json\/wp\/v2\/types\/product"}],"replies":[{"embeddable":true,"href":"https:\/\/guarumaquinas.com.br\/index.php\/wp-json\/wp\/v2\/comments?post=3856"}],"wp:featuredmedia":[{"embeddable":true,"href":"https:\/\/guarumaquinas.com.br\/index.php\/wp-json\/wp\/v2\/media\/3864"}],"wp:attachment":[{"href":"https:\/\/guarumaquinas.com.br\/index.php\/wp-json\/wp\/v2\/media?parent=3856"}],"wp:term":[{"taxonomy":"product_cat","embeddable":true,"href":"https:\/\/guarumaquinas.com.br\/index.php\/wp-json\/wp\/v2\/product_cat?post=3856"},{"taxonomy":"product_tag","embeddable":true,"href":"https:\/\/guarumaquinas.com.br\/index.php\/wp-json\/wp\/v2\/product_tag?post=3856"}],"curies":[{"name":"wp","href":"https:\/\/api.w.org\/{rel}","templated":true}]}}