{"id":3865,"date":"2025-12-18T12:56:41","date_gmt":"2025-12-18T15:56:41","guid":{"rendered":"https:\/\/guarumaquinas.com.br\/?post_type=product&#038;p=3865"},"modified":"2025-12-18T12:56:41","modified_gmt":"2025-12-18T15:56:41","slug":"moinho-wanner-200-mm","status":"publish","type":"product","link":"https:\/\/guarumaquinas.com.br\/index.php\/produto\/moinho-wanner-200-mm\/","title":{"rendered":"Moinho Wanner 200 mm"},"content":{"rendered":"<p>MOINHO WANNER P\u00c9 DE M\u00c1QUINA<\/p>\n<p>Fabricante : Wanner<\/p>\n<p>Pot\u00eancia : 3 cv com redutor<\/p>\n<p>Entrada do material : 200 mm<\/p>\n<p>Caixa de moagem : 140 mm x 135 mm<\/p>\n<p>Com painel el\u00e9trico<\/p>\n<p>3 unidades dispon\u00edveis<\/p>\n","protected":false},"excerpt":{"rendered":"<p>MOINHO WANNER P\u00c9 DE M\u00c1QUINA Fabricante : Wanner Pot\u00eancia : 3 cv com redutor Entrada do material : 200 mm Caixa de moagem : 140 mm x 135 mm Com painel el\u00e9trico 3 unidades dispon\u00edveis<\/p>\n","protected":false},"featured_media":3870,"comment_status":"open","ping_status":"closed","template":"","meta":{"site-sidebar-layout":"default","site-content-layout":"default","ast-global-header-display":"","ast-main-header-display":"","ast-hfb-above-header-display":"","ast-hfb-below-header-display":"","ast-hfb-mobile-header-display":"","site-post-title":"","ast-breadcrumbs-content":"","ast-featured-img":"","footer-sml-layout":"","theme-transparent-header-meta":"default","adv-header-id-meta":"","stick-header-meta":"","header-above-stick-meta":"","header-main-stick-meta":"","header-below-stick-meta":""},"product_cat":[28],"product_tag":[],"class_list":["post-3865","product","type-product","status-publish","has-post-thumbnail","hentry","product_cat-moinhos","desktop-align-left","tablet-align-left","mobile-align-left"],"_links":{"self":[{"href":"https:\/\/guarumaquinas.com.br\/index.php\/wp-json\/wp\/v2\/product\/3865","targetHints":{"allow":["GET"]}}],"collection":[{"href":"https:\/\/guarumaquinas.com.br\/index.php\/wp-json\/wp\/v2\/product"}],"about":[{"href":"https:\/\/guarumaquinas.com.br\/index.php\/wp-json\/wp\/v2\/types\/product"}],"replies":[{"embeddable":true,"href":"https:\/\/guarumaquinas.com.br\/index.php\/wp-json\/wp\/v2\/comments?post=3865"}],"wp:featuredmedia":[{"embeddable":true,"href":"https:\/\/guarumaquinas.com.br\/index.php\/wp-json\/wp\/v2\/media\/3870"}],"wp:attachment":[{"href":"https:\/\/guarumaquinas.com.br\/index.php\/wp-json\/wp\/v2\/media?parent=3865"}],"wp:term":[{"taxonomy":"product_cat","embeddable":true,"href":"https:\/\/guarumaquinas.com.br\/index.php\/wp-json\/wp\/v2\/product_cat?post=3865"},{"taxonomy":"product_tag","embeddable":true,"href":"https:\/\/guarumaquinas.com.br\/index.php\/wp-json\/wp\/v2\/product_tag?post=3865"}],"curies":[{"name":"wp","href":"https:\/\/api.w.org\/{rel}","templated":true}]}}