{"id":3875,"date":"2025-12-18T13:12:05","date_gmt":"2025-12-18T16:12:05","guid":{"rendered":"https:\/\/guarumaquinas.com.br\/?post_type=product&#038;p=3875"},"modified":"2026-03-23T20:02:04","modified_gmt":"2026-03-23T23:02:04","slug":"extrusora-90-mm-corte-na-cabeca","status":"publish","type":"product","link":"https:\/\/guarumaquinas.com.br\/index.php\/produto\/extrusora-90-mm-corte-na-cabeca\/","title":{"rendered":"Extrusora 90 mm Corte na Cabe\u00e7a"},"content":{"rendered":"<p>EXTRUSORA CHINESA COM CORTE NA CABE\u00c7A<\/p>\n<p>Comprimento canh\u00e3o : 2800 mm<\/p>\n<p>Di\u00e2metro da rosca : 90 mm<\/p>\n<p>LD aproximado : 31<\/p>\n<p>Motor principal : 75 cv &#8211; 220\/380 V<\/p>\n<p>Ventoinhas para resfriamento do canh\u00e3o : 5<\/p>\n<p>Painel el\u00e9trico : 8 zonas com inversor de frequ\u00eancia<\/p>\n<p>Painel el\u00e9trico : centr\u00edfuga e corte<\/p>\n<p>Matriz corte na cabe\u00e7a : 18 furos<\/p>\n<p>Centr\u00edfuga capacidade : 500 kg<\/p>\n","protected":false},"excerpt":{"rendered":"<p>EXTRUSORA CHINESA COM CORTE NA CABE\u00c7A Comprimento canh\u00e3o : 2800 mm Di\u00e2metro da rosca : 90 mm LD aproximado : 31 Motor principal : 75 cv &#8211; 220\/380 V Ventoinhas para resfriamento do canh\u00e3o : 5 Painel el\u00e9trico : 8 zonas com inversor de frequ\u00eancia Painel el\u00e9trico : centr\u00edfuga e corte Matriz corte na cabe\u00e7a &hellip;<\/p>\n<p class=\"read-more\"> <a class=\"\" href=\"https:\/\/guarumaquinas.com.br\/index.php\/produto\/extrusora-90-mm-corte-na-cabeca\/\"> <span class=\"screen-reader-text\">Extrusora 90 mm Corte na Cabe\u00e7a<\/span> Leia mais &raquo;<\/a><\/p>\n","protected":false},"featured_media":3882,"comment_status":"open","ping_status":"closed","template":"","meta":{"site-sidebar-layout":"default","site-content-layout":"default","ast-global-header-display":"","ast-main-header-display":"","ast-hfb-above-header-display":"","ast-hfb-below-header-display":"","ast-hfb-mobile-header-display":"","site-post-title":"","ast-breadcrumbs-content":"","ast-featured-img":"","footer-sml-layout":"","theme-transparent-header-meta":"default","adv-header-id-meta":"","stick-header-meta":"","header-above-stick-meta":"","header-main-stick-meta":"","header-below-stick-meta":""},"product_cat":[24],"product_tag":[],"class_list":["post-3875","product","type-product","status-publish","has-post-thumbnail","hentry","product_cat-extrusoras","desktop-align-left","tablet-align-left","mobile-align-left"],"_links":{"self":[{"href":"https:\/\/guarumaquinas.com.br\/index.php\/wp-json\/wp\/v2\/product\/3875","targetHints":{"allow":["GET"]}}],"collection":[{"href":"https:\/\/guarumaquinas.com.br\/index.php\/wp-json\/wp\/v2\/product"}],"about":[{"href":"https:\/\/guarumaquinas.com.br\/index.php\/wp-json\/wp\/v2\/types\/product"}],"replies":[{"embeddable":true,"href":"https:\/\/guarumaquinas.com.br\/index.php\/wp-json\/wp\/v2\/comments?post=3875"}],"wp:featuredmedia":[{"embeddable":true,"href":"https:\/\/guarumaquinas.com.br\/index.php\/wp-json\/wp\/v2\/media\/3882"}],"wp:attachment":[{"href":"https:\/\/guarumaquinas.com.br\/index.php\/wp-json\/wp\/v2\/media?parent=3875"}],"wp:term":[{"taxonomy":"product_cat","embeddable":true,"href":"https:\/\/guarumaquinas.com.br\/index.php\/wp-json\/wp\/v2\/product_cat?post=3875"},{"taxonomy":"product_tag","embeddable":true,"href":"https:\/\/guarumaquinas.com.br\/index.php\/wp-json\/wp\/v2\/product_tag?post=3875"}],"curies":[{"name":"wp","href":"https:\/\/api.w.org\/{rel}","templated":true}]}}