{"id":3925,"date":"2026-03-03T12:13:51","date_gmt":"2026-03-03T15:13:51","guid":{"rendered":"https:\/\/guarumaquinas.com.br\/?post_type=product&#038;p=3925"},"modified":"2026-03-03T12:13:51","modified_gmt":"2026-03-03T15:13:51","slug":"moinho-rone-200-mm-3","status":"publish","type":"product","link":"https:\/\/guarumaquinas.com.br\/index.php\/produto\/moinho-rone-200-mm-3\/","title":{"rendered":"Moinho Rone 200 mm"},"content":{"rendered":"<p>MOINHO RONE PARA PE\u00c7AS PEQUENAS<\/p>\n<p>Fabricante : Rone<\/p>\n<p>Modelo : SFB 2305<\/p>\n<p>Fabrica\u00e7\u00e3o : 2009<\/p>\n<p>Facas rotativas : 3<\/p>\n<p>Faca fixa : 1<\/p>\n<p>Motor Weg : 5 cv 4 polos trif\u00e1sico<\/p>\n<p>Contra peso para auxiliar na moagem<\/p>\n<p>&nbsp;<\/p>\n","protected":false},"excerpt":{"rendered":"<p>MOINHO RONE PARA PE\u00c7AS PEQUENAS Fabricante : Rone Modelo : SFB 2305 Fabrica\u00e7\u00e3o : 2009 Facas rotativas : 3 Faca fixa : 1 Motor Weg : 5 cv 4 polos trif\u00e1sico Contra peso para auxiliar na moagem &nbsp;<\/p>\n","protected":false},"featured_media":3931,"comment_status":"open","ping_status":"closed","template":"","meta":{"site-sidebar-layout":"default","site-content-layout":"default","ast-global-header-display":"","ast-main-header-display":"","ast-hfb-above-header-display":"","ast-hfb-below-header-display":"","ast-hfb-mobile-header-display":"","site-post-title":"","ast-breadcrumbs-content":"","ast-featured-img":"","footer-sml-layout":"","theme-transparent-header-meta":"default","adv-header-id-meta":"","stick-header-meta":"","header-above-stick-meta":"","header-main-stick-meta":"","header-below-stick-meta":""},"product_cat":[28],"product_tag":[],"class_list":["post-3925","product","type-product","status-publish","has-post-thumbnail","hentry","product_cat-moinhos","desktop-align-left","tablet-align-left","mobile-align-left"],"_links":{"self":[{"href":"https:\/\/guarumaquinas.com.br\/index.php\/wp-json\/wp\/v2\/product\/3925","targetHints":{"allow":["GET"]}}],"collection":[{"href":"https:\/\/guarumaquinas.com.br\/index.php\/wp-json\/wp\/v2\/product"}],"about":[{"href":"https:\/\/guarumaquinas.com.br\/index.php\/wp-json\/wp\/v2\/types\/product"}],"replies":[{"embeddable":true,"href":"https:\/\/guarumaquinas.com.br\/index.php\/wp-json\/wp\/v2\/comments?post=3925"}],"wp:featuredmedia":[{"embeddable":true,"href":"https:\/\/guarumaquinas.com.br\/index.php\/wp-json\/wp\/v2\/media\/3931"}],"wp:attachment":[{"href":"https:\/\/guarumaquinas.com.br\/index.php\/wp-json\/wp\/v2\/media?parent=3925"}],"wp:term":[{"taxonomy":"product_cat","embeddable":true,"href":"https:\/\/guarumaquinas.com.br\/index.php\/wp-json\/wp\/v2\/product_cat?post=3925"},{"taxonomy":"product_tag","embeddable":true,"href":"https:\/\/guarumaquinas.com.br\/index.php\/wp-json\/wp\/v2\/product_tag?post=3925"}],"curies":[{"name":"wp","href":"https:\/\/api.w.org\/{rel}","templated":true}]}}