{"id":3932,"date":"2026-03-03T16:33:04","date_gmt":"2026-03-03T19:33:04","guid":{"rendered":"https:\/\/guarumaquinas.com.br\/?post_type=product&#038;p=3932"},"modified":"2026-03-03T16:33:04","modified_gmt":"2026-03-03T19:33:04","slug":"extrusora-dupla-rosca-85-mm-miotto","status":"publish","type":"product","link":"https:\/\/guarumaquinas.com.br\/index.php\/produto\/extrusora-dupla-rosca-85-mm-miotto\/","title":{"rendered":"Extrusora Dupla Rosca 85 mm Miotto"},"content":{"rendered":"<p>EXTRUSORA DUPLA ROSCA 85 MM PARA GRANULA\u00c7\u00c3O<\/p>\n<p>Fabricante : Miotto<\/p>\n<p>Modelo : dupla rosca 85<\/p>\n<p>Canh\u00e3o e Rosca : 1800 mm<\/p>\n<p>Ld aproximado : 21.1<\/p>\n<p>Motor Siemens : 50 cv<\/p>\n<p>Corte na cabe\u00e7a miotto a seco<\/p>\n","protected":false},"excerpt":{"rendered":"<p>EXTRUSORA DUPLA ROSCA 85 MM PARA GRANULA\u00c7\u00c3O Fabricante : Miotto Modelo : dupla rosca 85 Canh\u00e3o e Rosca : 1800 mm Ld aproximado : 21.1 Motor Siemens : 50 cv Corte na cabe\u00e7a miotto a seco<\/p>\n","protected":false},"featured_media":3938,"comment_status":"open","ping_status":"closed","template":"","meta":{"site-sidebar-layout":"default","site-content-layout":"default","ast-global-header-display":"","ast-main-header-display":"","ast-hfb-above-header-display":"","ast-hfb-below-header-display":"","ast-hfb-mobile-header-display":"","site-post-title":"","ast-breadcrumbs-content":"","ast-featured-img":"","footer-sml-layout":"","theme-transparent-header-meta":"default","adv-header-id-meta":"","stick-header-meta":"","header-above-stick-meta":"","header-main-stick-meta":"","header-below-stick-meta":""},"product_cat":[24],"product_tag":[],"class_list":["post-3932","product","type-product","status-publish","has-post-thumbnail","hentry","product_cat-extrusoras","desktop-align-left","tablet-align-left","mobile-align-left"],"_links":{"self":[{"href":"https:\/\/guarumaquinas.com.br\/index.php\/wp-json\/wp\/v2\/product\/3932","targetHints":{"allow":["GET"]}}],"collection":[{"href":"https:\/\/guarumaquinas.com.br\/index.php\/wp-json\/wp\/v2\/product"}],"about":[{"href":"https:\/\/guarumaquinas.com.br\/index.php\/wp-json\/wp\/v2\/types\/product"}],"replies":[{"embeddable":true,"href":"https:\/\/guarumaquinas.com.br\/index.php\/wp-json\/wp\/v2\/comments?post=3932"}],"wp:featuredmedia":[{"embeddable":true,"href":"https:\/\/guarumaquinas.com.br\/index.php\/wp-json\/wp\/v2\/media\/3938"}],"wp:attachment":[{"href":"https:\/\/guarumaquinas.com.br\/index.php\/wp-json\/wp\/v2\/media?parent=3932"}],"wp:term":[{"taxonomy":"product_cat","embeddable":true,"href":"https:\/\/guarumaquinas.com.br\/index.php\/wp-json\/wp\/v2\/product_cat?post=3932"},{"taxonomy":"product_tag","embeddable":true,"href":"https:\/\/guarumaquinas.com.br\/index.php\/wp-json\/wp\/v2\/product_tag?post=3932"}],"curies":[{"name":"wp","href":"https:\/\/api.w.org\/{rel}","templated":true}]}}