{"id":3949,"date":"2026-03-09T14:36:56","date_gmt":"2026-03-09T17:36:56","guid":{"rendered":"https:\/\/guarumaquinas.com.br\/?post_type=product&#038;p=3949"},"modified":"2026-03-09T14:36:56","modified_gmt":"2026-03-09T17:36:56","slug":"misturador-de-pvc-mecanoplast","status":"publish","type":"product","link":"https:\/\/guarumaquinas.com.br\/index.php\/produto\/misturador-de-pvc-mecanoplast\/","title":{"rendered":"Misturador de Pvc Mecanoplast"},"content":{"rendered":"<p>Misturador de Pvc Mecanoplast<\/p>\n<p>Marca : Mecanoplast<\/p>\n<p>Modelo : Plat.<\/p>\n<p>S\u00e9rie : 1620A<\/p>\n<p>Volume : 175 litros<\/p>\n<p>Pot\u00eancia : 60 cv 1775 rpm trif\u00e1sico<\/p>\n","protected":false},"excerpt":{"rendered":"<p>Misturador de Pvc Mecanoplast Marca : Mecanoplast Modelo : Plat. S\u00e9rie : 1620A Volume : 175 litros Pot\u00eancia : 60 cv 1775 rpm trif\u00e1sico<\/p>\n","protected":false},"featured_media":3951,"comment_status":"open","ping_status":"closed","template":"","meta":{"site-sidebar-layout":"default","site-content-layout":"default","ast-global-header-display":"","ast-main-header-display":"","ast-hfb-above-header-display":"","ast-hfb-below-header-display":"","ast-hfb-mobile-header-display":"","site-post-title":"","ast-breadcrumbs-content":"","ast-featured-img":"","footer-sml-layout":"","theme-transparent-header-meta":"default","adv-header-id-meta":"","stick-header-meta":"","header-above-stick-meta":"","header-main-stick-meta":"","header-below-stick-meta":""},"product_cat":[46],"product_tag":[],"class_list":["post-3949","product","type-product","status-publish","has-post-thumbnail","hentry","product_cat-misturadores","desktop-align-left","tablet-align-left","mobile-align-left"],"_links":{"self":[{"href":"https:\/\/guarumaquinas.com.br\/index.php\/wp-json\/wp\/v2\/product\/3949","targetHints":{"allow":["GET"]}}],"collection":[{"href":"https:\/\/guarumaquinas.com.br\/index.php\/wp-json\/wp\/v2\/product"}],"about":[{"href":"https:\/\/guarumaquinas.com.br\/index.php\/wp-json\/wp\/v2\/types\/product"}],"replies":[{"embeddable":true,"href":"https:\/\/guarumaquinas.com.br\/index.php\/wp-json\/wp\/v2\/comments?post=3949"}],"wp:featuredmedia":[{"embeddable":true,"href":"https:\/\/guarumaquinas.com.br\/index.php\/wp-json\/wp\/v2\/media\/3951"}],"wp:attachment":[{"href":"https:\/\/guarumaquinas.com.br\/index.php\/wp-json\/wp\/v2\/media?parent=3949"}],"wp:term":[{"taxonomy":"product_cat","embeddable":true,"href":"https:\/\/guarumaquinas.com.br\/index.php\/wp-json\/wp\/v2\/product_cat?post=3949"},{"taxonomy":"product_tag","embeddable":true,"href":"https:\/\/guarumaquinas.com.br\/index.php\/wp-json\/wp\/v2\/product_tag?post=3949"}],"curies":[{"name":"wp","href":"https:\/\/api.w.org\/{rel}","templated":true}]}}